{"id":112954,"date":"2025-03-25T12:03:45","date_gmt":"2025-03-25T11:03:45","guid":{"rendered":"https:\/\/www.fup-ag.com\/locations\/location-stuttgart\/"},"modified":"2025-03-25T12:04:39","modified_gmt":"2025-03-25T11:04:39","slug":"location-stuttgart","status":"publish","type":"page","link":"https:\/\/www.fup-ag.com\/en\/locations\/location-stuttgart\/","title":{"rendered":"Location Stuttgart"},"content":{"rendered":"<div class=\"zw-cgb zw-cgb__120 zw-header-standard-block is-first-block    show-gradient \"><div class=\"bg-image\"><picture><img decoding=\"sync\" loading=\"eager\" fetchPriority=\"high\" id=\"zwi_112949\" class=\"zw-cgb__image\" src=\"data:image\/png;base64,iVBORw0KGgoAAAANSUhEUgAAAAEAAAABCAQAAAC1HAwCAAAAC0lEQVR42mNkYAAAAAYAAjCB0C8AAAAASUVORK5CYII=\" alt=\"\" onload=\"zwHeaderPictureDone(this,'pre_112949', 'pre_112949')\"><source id=\"LCP_112949\"><\/picture><\/div><div class=\"container zw-cgb-content zw-cgb__header-content-wrapper\"><h1 class=\"zw-cgb__headlines\"><span class=\"zw-cgb__headline\">Interim Manager Stuttgart<\/span><span class=\"zw-cgb__preheadline\">Experienced managers for your success<\/span><\/h1><p class=\"zw-cgb__fulltext zw-cgb__content\">Flexible. Experienced. Ready for action immediately.<\/p><div class=\"zw-cgb zw-cgb__zw-blocks-zw-button-block\">\n    <div class=\"zw-cgb zw-cgb__005 buttonBlock default-margin \">\n            <div class=\"zw-button-container \"><div class=\"zw-cgb zw-cgb-button-container \"><a  class=\"zw-cgb__btn btn btn-primary btn-default-color\" href=\"#kontakt\" title=\"Request your interim manager in Stuttgart now\">Request your interim manager in Stuttgart now<\/a><\/div><\/div>    <\/div>\n\n<\/div><\/div>\n        <\/div><!-- .zw-cgb .zw-header-standard -->\n\n\n    <div class=\"zw-cgb zw-cgb__000  zw-cgb_textblock  default-margin  b_standart  zw-t-l\">\n            <div class=\"container zw-cgb-content\">\n        <p class=\"zw-cgb__fulltext \">Are you looking for a qualified interim manager in Stuttgart to support your company with specialist knowledge, experience and leadership skills? Whether in crisis situations, transformation processes or to bridge vacancies &#8211; our experienced interim managers are available to you at short notice and provide sustainable solutions.<\/p>              <\/div>\n    <\/div>\n\n\n\n\n    <div class=\"zw-cgb zw-cgb__000  zw-cgb_textblock  default-margin  b_standart  zw-t-l\">\n            <div class=\"container zw-cgb-content\">\n        <h2 class=\"zw-cgb__headlines\"><span class=\"zw-cgb__headline\">Why interim management in Stuttgart?<\/span><\/h2><p class=\"zw-cgb__fulltext \">Stuttgart is a leading high-tech metropolis. Companies here face constant challenges due to technological developments, a shortage of skilled workers and transformation processes.<\/p><p class=\"zw-cgb__fulltext \">With an <strong>interim manager in Stuttgart<\/strong>, you receive short-term, tailor-made solutions for your company &#8211; be it to bridge management gaps, in change management or to support strategic projects. Our experienced interim managers bring in-depth industry knowledge and implementation skills to drive your company forward in a targeted manner &#8211; flexibly and without long-term commitments.<\/p><p class=\"zw-cgb__fulltext \">Use our expertise to steer your company in Stuttgart efficiently through change.  <strong>Contact us for a non-binding initial consultation!<\/strong><\/p>              <\/div>\n    <\/div>\n\n\n\n<div class=\"zw-cgb zw-cgb__025  zw-cgb__025-wrapper default-margin  b_black \"><div class=\"bg-image\"><\/div><div class=\"container zw-cgb-content\"><div class=\"row\"><div class=\"col-12 columnmaster-inner-content\"><div class=\"row \">    <div class=\"zw-cgb zw-cgb__025-content col-lg-6 zw-cgb__col  zw-t-l\">\n    <a name=\"5d289fca_f8c4_47dd_b0b6_4deec2e63daa\" class=\"jumpAnchor\" ><\/a>      <div class=\"content-container \">\n        <h2 class=\"zw-cgb__headlines\"><span class=\"zw-cgb__headline\">Your benefits with our interim managers in Stuttgart<\/span><\/h2><div class=\"zw-cgb zw-cgb__zw-blocks-zw-button-block\">\n    <div class=\"zw-cgb zw-cgb__005 buttonBlock default-margin \">\n            <div class=\"zw-button-container \"><div class=\"zw-cgb zw-cgb-button-container \"><a  class=\"zw-cgb__btn btn btn-primary btn-default-color\" href=\"#kontakt\" title=\"Request Interim Manager Stuttgart now\">Request Interim Manager Stuttgart now<\/a><\/div><\/div>    <\/div>\n\n<\/div>      <\/div>\n    <\/div>\n    <div class=\"zw-cgb zw-cgb__025-content col-lg-6 zw-cgb__col  zw-t-l\">\n    <a name=\"f3c3e674_ddec_46a3_8781_ae7f30eb13c3\" class=\"jumpAnchor\" ><\/a>      <div class=\"content-container \">\n        <p class=\"zw-cgb__fulltext \">\u2705 <strong>Immediate availability<\/strong> &#8211; Our experts are available to you at short notice.<\/p><p class=\"zw-cgb__fulltext \">\u2705 <strong>Experienced leaders<\/strong> &#8211; professionals with many years of industry and management experience.<\/p><p class=\"zw-cgb__fulltext \">\u2705 <strong>Results-oriented solutions<\/strong> &#8211; efficient implementation of your strategic and operational goals.<\/p><p class=\"zw-cgb__fulltext \">\u2705 <strong>Maximum flexibility<\/strong> &#8211; interim managers for projects, crisis management or bridging vacancies.<\/p><p class=\"zw-cgb__fulltext \">\u2705 <strong>Sector-specific expertise<\/strong> &#8211; specialists for various industries in Munich.<\/p>      <\/div>\n    <\/div>\n<\/div><\/div><\/div><\/div><\/div>\n\n    <div class=\"zw-cgb zw-cgb__042 zw-cgb__sidebysideActionbar  default-margin  c_white\">\n      <a name=\"be5ee21a_7e29_4da4_a76f_39a62530840f\" class=\"jumpAnchor\" ><\/a>              <div class=\"bg-image\">\n          <picture><source srcset=\"https:\/\/www.fup-ag.com\/wp-content\/uploads\/2025\/02\/fup-bild-leistungsspektrum-150x150.jpg 150w, https:\/\/www.fup-ag.com\/wp-content\/uploads\/2025\/02\/fup-bild-leistungsspektrum-480x213.jpg 480w, https:\/\/www.fup-ag.com\/wp-content\/uploads\/2025\/02\/fup-bild-leistungsspektrum-768x340.jpg 768w, https:\/\/www.fup-ag.com\/wp-content\/uploads\/2025\/02\/fup-bild-leistungsspektrum-1000x400.jpg 1000w, https:\/\/www.fup-ag.com\/wp-content\/uploads\/2025\/02\/fup-bild-leistungsspektrum-1024x453.jpg 1024w, https:\/\/www.fup-ag.com\/wp-content\/uploads\/2025\/02\/fup-bild-leistungsspektrum-1440x638.jpg 1440w, https:\/\/www.fup-ag.com\/wp-content\/uploads\/2025\/02\/fup-bild-leistungsspektrum-1920x850.jpg 1920w, https:\/\/www.fup-ag.com\/wp-content\/uploads\/2025\/02\/fup-bild-leistungsspektrum.jpg 9999w\" sizes=\"(max-width: 480px) 100vw, (max-width: 768px) 100vw, (max-width: 1024px) 100vw, (max-width: 1440px) 100vw, 100vw\" ><img decoding=\"async\" loading=\"lazy\" id=\"zwi_112118\" class=\"zw-cgb__image\" src=\"https:\/\/www.fup-ag.com\/wp-content\/uploads\/2025\/02\/fup-bild-leistungsspektrum-1920x850.jpg\" alt=\"\"><\/picture>        <\/div>\n            <div class=\"container zw-cgb-content\">\n        <div class=\"row\">\n          <div class=\"col-lg-6 zw-cgb__col\">\n            <div class=\"zw-cgb__col-wrapper zw-cgb__col-wrapper-one\">\n              <h2 class=\"zw-cgb__headlines\"><span class=\"zw-cgb__preheadline\">F\u00dcR JEDEN BEDARF<\/span><span class=\"zw-cgb__headline\">INTERIM MANAGEMENT PROFESSIONALS<\/span><\/h2>            <\/div>\n          <\/div>\n          <div class=\"col-lg-6 zw-cgb__col\">\n            <div class=\"zw-cgb__col-wrapper zw-cgb__col-wrapper-two zw-cgb__col-actionbar\">\n              <p class=\"zw-cgb__fulltext\">Die Fach- und F\u00fchrungskr\u00e4fte in unserem Pool verf\u00fcgen \u00fcber mehrere Tausend Kompetenzen, die sie entlang verschiedenen beruflichen Stationen erworben haben &#8211; sei es in Festanstellung oder einer selbstst\u00e4ndigen T\u00e4tigkeit. Sie \u00fcbernehmen Mandate verschiedener Art: von Gesch\u00e4ftsf\u00fchrung \u00fcber Vorstandsfunktionen bis hin zur Leitung und operativen Umsetzung von Spezialprojekten.<\/p>            <\/div>\n          <\/div>\n                      <div class=\"col-12 zw-cgb__col-actionbar\">\n              <div class=\"zw-cgb zw-cgb__zw-blocks-zw-button-block\">\n    <div class=\"zw-cgb zw-cgb__005 buttonBlock default-margin \">\n            <div class=\"zw-button-container \"><div class=\"zw-cgb zw-cgb-button-container \"><a  class=\"zw-cgb__btn btn btn-primary btn-default-color\" href=\"https:\/\/www.fup-ag.com\/en\/interim-management\/interim-accountant\/\" title=\"Interim Accountant  \">Interim Accountant  <\/a><\/div><\/div>    <\/div>\n\n<\/div><div class=\"zw-cgb zw-cgb__zw-blocks-zw-button-block\">\n    <div class=\"zw-cgb zw-cgb__005 buttonBlock default-margin \">\n            <div class=\"zw-button-container \"><div class=\"zw-cgb zw-cgb-button-container \"><a  class=\"zw-cgb__btn btn btn-primary btn-default-color\" href=\"https:\/\/www.fup-ag.com\/en\/finance\/cfo-interim\/\" title=\"Interim CFO\">Interim CFO<\/a><\/div><\/div>    <\/div>\n\n<\/div><div class=\"zw-cgb zw-cgb__zw-blocks-zw-button-block\">\n    <div class=\"zw-cgb zw-cgb__005 buttonBlock default-margin \">\n            <div class=\"zw-button-container \"><div class=\"zw-cgb zw-cgb-button-container \"><a  class=\"zw-cgb__btn btn btn-primary btn-default-color\" href=\"https:\/\/www.fup-ag.com\/en\/interim-management\/interim-controller\/\" title=\"Interim Controller\">Interim Controller<\/a><\/div><\/div>    <\/div>\n\n<\/div><div class=\"zw-cgb zw-cgb__zw-blocks-zw-button-block\">\n    <div class=\"zw-cgb zw-cgb__005 buttonBlock default-margin \">\n            <div class=\"zw-button-container \"><div class=\"zw-cgb zw-cgb-button-container \"><a  class=\"zw-cgb__btn btn btn-primary btn-default-color\" href=\"https:\/\/www.fup-ag.com\/en\/expertise\/human-resources\/interim-human-resources-manager\/\" title=\"Interim HR Manager\">Interim HR Manager<\/a><\/div><\/div>    <\/div>\n\n<\/div><div class=\"zw-cgb zw-cgb__zw-blocks-zw-button-block\">\n    <div class=\"zw-cgb zw-cgb__005 buttonBlock default-margin \">\n            <div class=\"zw-button-container \"><div class=\"zw-cgb zw-cgb-button-container \"><a  class=\"zw-cgb__btn btn btn-primary btn-default-color\" href=\"https:\/\/www.fup-ag.com\/en\/expertise\/sales\/interim-manager-sales\/\" title=\"Interim Manager Sales\">Interim Manager Sales<\/a><\/div><\/div>    <\/div>\n\n<\/div><div class=\"zw-cgb zw-cgb__zw-blocks-zw-button-block\">\n    <div class=\"zw-cgb zw-cgb__005 buttonBlock default-margin \">\n            <div class=\"zw-button-container \"><div class=\"zw-cgb zw-cgb-button-container \"><a  class=\"zw-cgb__btn btn btn-primary btn-default-color\" href=\"https:\/\/www.fup-ag.com\/en\/expertise\/marketing\/interim-manager-marketing\/\" title=\"Interim Manager Marketing\">Interim Manager Marketing<\/a><\/div><\/div>    <\/div>\n\n<\/div><div class=\"zw-cgb zw-cgb__zw-blocks-zw-button-block\">\n    <div class=\"zw-cgb zw-cgb__005 buttonBlock default-margin \">\n            <div class=\"zw-button-container \"><div class=\"zw-cgb zw-cgb-button-container \"><a  class=\"zw-cgb__btn btn btn-primary btn-default-color\" href=\"https:\/\/www.fup-ag.com\/en\/interim-project-manager\/\" title=\"Interim Project Manager\">Interim Project Manager<\/a><\/div><\/div>    <\/div>\n\n<\/div><div class=\"zw-cgb zw-cgb__zw-blocks-zw-button-block\">\n    <div class=\"zw-cgb zw-cgb__005 buttonBlock default-margin \">\n            <div class=\"zw-button-container \"><div class=\"zw-cgb zw-cgb-button-container \"><a  class=\"zw-cgb__btn btn btn-primary btn-default-color\" href=\"https:\/\/www.fup-ag.com\/en\/interim-managing-director\/\" title=\"Interim Managing Director\">Interim Managing Director<\/a><\/div><\/div>    <\/div>\n\n<\/div><div class=\"zw-cgb zw-cgb__zw-blocks-zw-button-block\">\n    <div class=\"zw-cgb zw-cgb__005 buttonBlock default-margin \">\n            <div class=\"zw-button-container \"><div class=\"zw-cgb zw-cgb-button-container \"><a  class=\"zw-cgb__btn btn btn-primary btn-default-color\" href=\"https:\/\/www.fup-ag.com\/en\/expertise\/reorganisation-turnaround\/successful-restructuring-thanks-to-external-management-consultancy\/\" title=\"Interim Manager Restructuring\">Interim Manager Restructuring<\/a><\/div><\/div>    <\/div>\n\n<\/div><div class=\"zw-cgb zw-cgb__zw-blocks-zw-button-block\">\n    <div class=\"zw-cgb zw-cgb__005 buttonBlock default-margin \">\n            <div class=\"zw-button-container \"><div class=\"zw-cgb zw-cgb-button-container \"><a  class=\"zw-cgb__btn btn btn-primary btn-default-color\" href=\"https:\/\/www.fup-ag.com\/en\/expertise\/product-innovation\/interim-production-manager\/\" title=\"Interim Production Manager\">Interim Production Manager<\/a><\/div><\/div>    <\/div>\n\n<\/div><div class=\"zw-cgb zw-cgb__zw-blocks-zw-button-block\">\n    <div class=\"zw-cgb zw-cgb__005 buttonBlock default-margin \">\n            <div class=\"zw-button-container \"><div class=\"zw-cgb zw-cgb-button-container \"><a  class=\"zw-cgb__btn btn btn-primary btn-default-color\" href=\"https:\/\/www.fup-ag.com\/en\/expertise\/supply-chain\/interim-manager-supply-chain\/\" title=\"Interim Manager Supply Chain\">Interim Manager Supply Chain<\/a><\/div><\/div>    <\/div>\n\n<\/div><div class=\"zw-cgb zw-cgb__zw-blocks-zw-button-block\">\n    <div class=\"zw-cgb zw-cgb__005 buttonBlock default-margin \">\n            <div class=\"zw-button-container \"><div class=\"zw-cgb zw-cgb-button-container \"><a  class=\"zw-cgb__btn btn btn-primary btn-default-color\" href=\"https:\/\/www.fup-ag.com\/en\/interim-management\/interim-plant-manager\/\" title=\"Interim Plant Manager\">Interim Plant Manager<\/a><\/div><\/div>    <\/div>\n\n<\/div>            <\/div>\n                  <\/div>\n      <\/div>\n    <\/div>\n\n\n\n    <div class=\"zw-cgb zw-cgb__000  zw-cgb_textblock  default-margin  b_standart  zw-t-l\">\n            <div class=\"container zw-cgb-content\">\n        <h2 class=\"zw-cgb__headlines\"><span class=\"zw-cgb__headline\">Our contacts for customers in Stuttgart<\/span><\/h2>              <\/div>\n    <\/div>\n\n\n\n\n    <div class=\"zw-cgb zw-cgb__140 team-member  black-color default-margin  \">\n            <div class=\"container-fluid\">\n        <div class=\"zw-cgb-content member-row row\">\n          <div class=\"team-member-single zw-cgb zw-member-item col-12 col-lg\" ><div class=\"zw-cgb zw-cgb-content\"><div class=\"image-content\"><div class=\"image-container single-featured teaser-portrait\"><a href=\"https:\/\/www.fup-ag.com\/en\/team\/dipl-kfm-bernd-fischer\/\" title=\"Bernd Fischer\"><picture><source srcset=\"https:\/\/www.fup-ag.com\/wp-content\/uploads\/2024\/09\/Bernd-Fischer-480x424.png 992w, https:\/\/www.fup-ag.com\/wp-content\/uploads\/2024\/09\/Bernd-Fischer.png 1400w\" media=\"(orientation: landscape)\" sizes=\"(max-width: 992px) 425px, (max-width: 1400px) 500px, 525px\" ><source srcset=\"https:\/\/www.fup-ag.com\/wp-content\/uploads\/2024\/09\/Bernd-Fischer-480x424.png 992w, https:\/\/www.fup-ag.com\/wp-content\/uploads\/2024\/09\/Bernd-Fischer.png 1400w\" media=\"(orientation: portrait)\" sizes=\"(max-width: 992px) 425px, (max-width: 1400px) 500px, 525px\" ><img decoding=\"async\" loading=\"lazy\" id=\"zwi_103704\" class=\"zw-cgb__image\" src=\"https:\/\/www.fup-ag.com\/wp-content\/uploads\/2024\/09\/Bernd-Fischer.png\" alt=\"\"><\/picture><\/a><\/div><\/div><div class=\"column-content\"><div class=\"inner-content\"><p class=\"zw-cgb__fulltext\"><span class=\"zw-title\">Dipl.-Kfm. <\/span>Bernd Fischer<\/p><p class=\"zw-cgb__fulltext zw-position\">CEO<\/p><a class=\"zw-phone\" href=\"tel:+49 171 2177320\" title=\"Phone\"><i class=\"fa-regular fa-phone\"><\/i>+49 171 2177320<\/a><a class=\"zw-mail\" href=\"mailto:fischer@fup-ag.com\" title=\"E-Mail\"><i class=\"fa-regular fa-envelope\"><\/i>fischer@fup-ag.com<\/a><div class=\"zw-socials-container\"><a class=\"zw-social linked-in\" href=\"https:\/\/de.linkedin.com\/in\/berndfischerprojectmanagement\" target=\"_blank\" title=\"Social Link\" rel=\"noopener\"><i class=\"fa-brands fa-linkedin-in\"><\/i><\/a><a class=\"zw-social xing\" href=\"https:\/\/www.xing.com\/profile\/Bernd_Fischer13\" target=\"_blank\" title=\"Social Link\" rel=\"noopener\"><i class=\"fa-brands fa-xing\"><\/i><\/a><\/div><div class=\"zw-link-container\"><div class=\"zw-cgb zw-cgb-button-container \"><a href=\"https:\/\/www.fup-ag.com\/en\/team\/dipl-kfm-bernd-fischer\/\" class=\"zw-cgb__btn btn btn-primary \">To the expert profile<\/a><\/div><\/div><\/div><\/div><\/div><\/div><div class=\"team-member-single zw-cgb zw-member-item col-12 col-lg\" ><div class=\"zw-cgb zw-cgb-content\"><div class=\"image-content\"><div class=\"image-container single-featured teaser-portrait\"><a href=\"https:\/\/www.fup-ag.com\/en\/team\/wilhelm-dahm\/\" title=\"Wilhelm Dahm\"><picture><source srcset=\"https:\/\/www.fup-ag.com\/wp-content\/uploads\/2023\/03\/FuP-Dahm_Wilhelm_Expert_Header.png 992w, https:\/\/www.fup-ag.com\/wp-content\/uploads\/2023\/03\/FuP-Dahm_Wilhelm_Expert_Header.png 1400w\" media=\"(orientation: landscape)\" sizes=\"(max-width: 992px) 425px, (max-width: 1400px) 500px, 525px\" ><source srcset=\"https:\/\/www.fup-ag.com\/wp-content\/uploads\/2023\/03\/FuP-Dahm_Wilhelm_Expert_Header.png 992w, https:\/\/www.fup-ag.com\/wp-content\/uploads\/2023\/03\/FuP-Dahm_Wilhelm_Expert_Header.png 1400w\" media=\"(orientation: portrait)\" sizes=\"(max-width: 992px) 425px, (max-width: 1400px) 500px, 525px\" ><img decoding=\"async\" loading=\"lazy\" id=\"zwi_66767\" class=\"zw-cgb__image\" src=\"https:\/\/www.fup-ag.com\/wp-content\/uploads\/2023\/03\/FuP-Dahm_Wilhelm_Expert_Header.png\" alt=\"\"><\/picture><\/a><\/div><\/div><div class=\"column-content\"><div class=\"inner-content\"><p class=\"zw-cgb__fulltext\"><span class=\"zw-title\">Dipl.-Ing. \/ MBA <\/span>Wilhelm Dahm<\/p><p class=\"zw-cgb__fulltext zw-position\">Senior Partner<\/p><a class=\"zw-phone\" href=\"tel:+49 171 838 25 34 \" title=\"Phone\"><i class=\"fa-regular fa-phone\"><\/i>+49 171 838 25 34 <\/a><a class=\"zw-mail\" href=\"mailto:dahm@fup-ag.com\" title=\"E-Mail\"><i class=\"fa-regular fa-envelope\"><\/i>dahm@fup-ag.com<\/a><div class=\"zw-socials-container\"><a class=\"zw-social linked-in\" href=\"https:\/\/www.linkedin.com\/in\/wilhelm-dahm-aba7a55\/\" target=\"_blank\" title=\"Social Link\" rel=\"noopener\"><i class=\"fa-brands fa-linkedin-in\"><\/i><\/a><\/div><div class=\"zw-link-container\"><div class=\"zw-cgb zw-cgb-button-container \"><a href=\"https:\/\/www.fup-ag.com\/en\/team\/wilhelm-dahm\/\" class=\"zw-cgb__btn btn btn-primary \">To the expert profile<\/a><\/div><\/div><\/div><\/div><\/div><\/div>        <\/div>\n      <\/div>\n    <\/div>\n\n\n\n\n    <div class=\"zw-cgb zw-cgb__050  infoblock default-margin   b_black \">\n            <div class=\"container-fluid\">\n        <div class=\"row\">\n          <div class=\"zw-cgb__image-col col-12 col-md-6 col-lg-5 col-xl-4 \">\n            <div class=\"zw-cgb zw-cgb__image-wrapper\">\n              <picture><source srcset=\"https:\/\/www.fup-ag.com\/wp-content\/uploads\/2023\/06\/3_Jahrestagung-e1742379637556-150x150.jpg 150w, https:\/\/www.fup-ag.com\/wp-content\/uploads\/2023\/06\/3_Jahrestagung-e1742379637556-480x218.jpg 480w, https:\/\/www.fup-ag.com\/wp-content\/uploads\/2023\/06\/3_Jahrestagung-e1742379637556-768x348.jpg 768w, https:\/\/www.fup-ag.com\/wp-content\/uploads\/2023\/06\/3_Jahrestagung-e1742379637556-999x400.jpg 1000w, https:\/\/www.fup-ag.com\/wp-content\/uploads\/2023\/06\/3_Jahrestagung-e1742379637556.jpg 1024w, https:\/\/www.fup-ag.com\/wp-content\/uploads\/2023\/06\/3_Jahrestagung-e1742379637556.jpg 1440w, https:\/\/www.fup-ag.com\/wp-content\/uploads\/2023\/06\/3_Jahrestagung-e1742379637556.jpg 1920w, https:\/\/www.fup-ag.com\/wp-content\/uploads\/2023\/06\/3_Jahrestagung-e1742379637556.jpg 9999w\" sizes=\"(max-width: 480px) 100vw, (max-width: 768px) 100vw, (max-width: 1024px) 100vw, (max-width: 1440px) 100vw, 100vw\" ><img decoding=\"async\" loading=\"lazy\" id=\"zwi_69137\" class=\"zw-cgb__image\" src=\"https:\/\/www.fup-ag.com\/wp-content\/uploads\/2023\/06\/3_Jahrestagung-e1742379637556.jpg\" alt=\"\"><\/picture>            <\/div>\n          <\/div>\n          <div class=\"zw-cgb__content-col col-12 col-md-6 col-lg-7 col-xl-8\">\n            <h2 class=\"zw-cgb__headlines\"><span class=\"zw-cgb__headline\">How to find the right interim manager in Stuttgart<\/span><\/h2><ol class=\"zw-cgb-ol fulltext \"><li class=\"\"><strong>Fill in the contact form  <\/strong><\/li><li class=\"\"><strong>We present you with qualified candidates<\/strong><\/li><li class=\"\"><strong>Rapid operational readiness<\/strong> &#8211; your interim manager can start at short notice<\/li><\/ol><p class=\"zw-cgb__fulltext \">Enquire now without obligation!<\/p>          <\/div><!-- .row -->\n        <\/div><!-- .row -->\n      <\/div><!-- .container-fluid -->\n    <\/div>\n\n\n\n\n    <div class=\"zw-cgb zw-cgb__000  zw-cgb_textblock  custom-margin  b_standart  zw-t-l\">\n      <a name=\"kontakt\" class=\"jumpAnchor\" ><\/a>      <div class=\"container zw-cgb-content\">\n        <p class=\"wpcf7-contact-form-not-found\"><strong>Error:<\/strong> Contact form not found.<\/p>              <\/div>\n    <\/div>\n\n","protected":false},"excerpt":{"rendered":"<div class=\"zw-cgb zw-cgb__120 zw-header-standard-block     show-gradient \">\n<div class=\"bg-image\"><picture><source srcset=\"https:\/\/www.fup-ag.com\/wp-content\/uploads\/2025\/03\/AdobeStock_246456316-150x150.jpeg 150w, https:\/\/www.fup-ag.com\/wp-content\/uploads\/2025\/03\/AdobeStock_246456316-480x270.jpeg 480w, https:\/\/www.fup-ag.com\/wp-content\/uploads\/2025\/03\/AdobeStock_246456316-768x432.jpeg 768w, https:\/\/www.fup-ag.com\/wp-content\/uploads\/2025\/03\/AdobeStock_246456316-1000x400.jpeg 1000w, https:\/\/www.fup-ag.com\/wp-content\/uploads\/2025\/03\/AdobeStock_246456316-1024x576.jpeg 1024w, https:\/\/www.fup-ag.com\/wp-content\/uploads\/2025\/03\/AdobeStock_246456316-1440x810.jpeg 1440w, https:\/\/www.fup-ag.com\/wp-content\/uploads\/2025\/03\/AdobeStock_246456316-1920x1080.jpeg 1920w, https:\/\/www.fup-ag.com\/wp-content\/uploads\/2025\/03\/AdobeStock_246456316-scaled.jpeg 9999w\" sizes=\"(max-width: 480px) 100vw, (max-width: 768px) 100vw, (max-width: 1024px) 100vw, (max-width: 1440px) 100vw, 100vw\" ><img decoding=\"async\" loading=\"lazy\" id=\"zwi_112949\" class=\"zw-cgb__image\" src=\"https:\/\/www.fup-ag.com\/wp-content\/uploads\/2025\/03\/AdobeStock_246456316-1920x1080.jpeg\" alt=\"\"><\/picture><\/div>\n<div class=\"container zw-cgb-content zw-cgb__header-content-wrapper\">\n<h2 class=\"zw-cgb__headlines\"><span class=\"zw-cgb__headline\">Interim Manager Stuttgart<\/span><span class=\"zw-cgb__preheadline\">Experienced managers for your success<\/span><\/h2>\n<p class=\"zw-cgb__fulltext zw-cgb__content\">Flexible. Experienced. Ready for action immediately.<\/p>\n<div class=\"zw-cgb zw-cgb__zw-blocks-zw-button-block\">\n<div class=\"zw-cgb zw-cgb__005 buttonBlock default-margin \">\n<div class=\"zw-button-container \">\n<div class=\"zw-cgb zw-cgb-button-container \"><a  class=\"zw-cgb__btn btn btn-primary btn-default-color\" href=\"#kontakt\" title=\"Request your interim manager in Stuttgart now\">Request your interim manager in Stuttgart now<\/a><\/div>\n<\/div><\/div>\n<\/div>\n<\/div><\/div>\n<p><!-- .zw-cgb .zw-header-standard --><\/p>\n","protected":false},"author":5,"featured_media":112949,"parent":112887,"menu_order":0,"comment_status":"closed","ping_status":"closed","template":"","meta":{"_relevanssi_hide_post":"","_relevanssi_hide_content":"","_relevanssi_pin_for_all":"","_relevanssi_pin_keywords":"","_relevanssi_unpin_keywords":"","_relevanssi_related_keywords":"","_relevanssi_related_include_ids":"","_relevanssi_related_exclude_ids":"","_relevanssi_related_no_append":"","_relevanssi_related_not_related":"","_relevanssi_related_posts":"64895","_relevanssi_noindex_reason":"","_monsterinsights_skip_tracking":false,"_monsterinsights_sitenote_active":false,"_monsterinsights_sitenote_note":"","_monsterinsights_sitenote_category":0,"footnotes":""},"expertise":[],"service":[],"industry":[],"class_list":["post-112954","page","type-page","status-publish","has-post-thumbnail","hentry"],"_links":{"self":[{"href":"https:\/\/www.fup-ag.com\/en\/wp-json\/wp\/v2\/pages\/112954","targetHints":{"allow":["GET"]}}],"collection":[{"href":"https:\/\/www.fup-ag.com\/en\/wp-json\/wp\/v2\/pages"}],"about":[{"href":"https:\/\/www.fup-ag.com\/en\/wp-json\/wp\/v2\/types\/page"}],"author":[{"embeddable":true,"href":"https:\/\/www.fup-ag.com\/en\/wp-json\/wp\/v2\/users\/5"}],"replies":[{"embeddable":true,"href":"https:\/\/www.fup-ag.com\/en\/wp-json\/wp\/v2\/comments?post=112954"}],"version-history":[{"count":3,"href":"https:\/\/www.fup-ag.com\/en\/wp-json\/wp\/v2\/pages\/112954\/revisions"}],"predecessor-version":[{"id":112958,"href":"https:\/\/www.fup-ag.com\/en\/wp-json\/wp\/v2\/pages\/112954\/revisions\/112958"}],"up":[{"embeddable":true,"href":"https:\/\/www.fup-ag.com\/en\/wp-json\/wp\/v2\/pages\/112887"}],"wp:featuredmedia":[{"embeddable":true,"href":"https:\/\/www.fup-ag.com\/en\/wp-json\/wp\/v2\/media\/112949"}],"wp:attachment":[{"href":"https:\/\/www.fup-ag.com\/en\/wp-json\/wp\/v2\/media?parent=112954"}],"wp:term":[{"taxonomy":"expertise","embeddable":true,"href":"https:\/\/www.fup-ag.com\/en\/wp-json\/wp\/v2\/expertise?post=112954"},{"taxonomy":"service","embeddable":true,"href":"https:\/\/www.fup-ag.com\/en\/wp-json\/wp\/v2\/service?post=112954"},{"taxonomy":"industry","embeddable":true,"href":"https:\/\/www.fup-ag.com\/en\/wp-json\/wp\/v2\/industry?post=112954"}],"curies":[{"name":"wp","href":"https:\/\/api.w.org\/{rel}","templated":true}]}}