{"id":62228,"date":"2017-09-11T13:51:12","date_gmt":"2017-09-11T11:51:12","guid":{"rendered":"https:\/\/www.fup-ag.com\/impressum\/"},"modified":"2024-11-26T14:41:56","modified_gmt":"2024-11-26T13:41:56","slug":"legal-notice","status":"publish","type":"page","link":"https:\/\/www.fup-ag.com\/en\/legal-notice\/","title":{"rendered":"Imprint"},"content":{"rendered":"\n    <div class=\"zw-cgb zw-cgb__000 is-first-block zw-cgb_textblock  default-margin  b_standart  zw-t-l\">\n            <div class=\"container zw-cgb-content\">\n        <h1 class=\"zw-cgb__headlines\"><span class=\"zw-cgb__headline\">Imprint<\/span><\/h1><p class=\"zw-cgb__fulltext \"><strong>F&amp;P Executive Solutions AG<\/strong><br>Aktiengesellschaft<br>Consulting &amp; Interim Management<\/p><p class=\"zw-cgb__fulltext \">Gerichtsstand: Hamburg<\/p><p class=\"zw-cgb__fulltext \"><strong>Ersteintragung: 30 April 2020, Amtsgericht Hamburg<\/strong><\/p><p class=\"zw-cgb__fulltext \"><strong>Hauptsitz:<\/strong><br>Am Kaiserkai 69,<br>20457 Hamburg<br>Tel.:\u00a0<a href=\"tel:040800084592\">+49 40 8000 845 92<\/a><br>E-Mail:<a href=\"mailto:vorstand@fup-ag.com\">\u00a0kontakt@fup-ag.com<\/a><br>Internet:\u00a0<a href=\"https:\/\/www.fup-ag.com\">www.fup-ag.com<\/a><\/p><p class=\"zw-cgb__fulltext \"><strong>Bankverbindung<\/strong><br>Deutsche Bank Hamburg<br>IBAN:DE85 2007 0024 0087 8470 00<br>BIC:DEUTDEDBHAM<br>St.Nr.:48\/722\/05328<br>Ust-IdNr.: DE815866022<\/p><p class=\"zw-cgb__fulltext \"><strong>Registerangaben:<\/strong><br>Die F&amp;P Executive Solutions AG ist eine unter der Firmennummer HRB 162517 im Handelsregister B des Amtsgerichts Hamburg eingetragene Aktiengesellschaft. Zur Vertretung obiger Aktiengesellschaft sind nur die hier gelisteten Personen berechtigt:<\/p><p class=\"zw-cgb__fulltext \"><strong>Vorstand:<\/strong><br><strong>Dipl.-Kfm. Bernd Fischer<\/strong>, Hamburg (Vorsitzender des Vorstands)<\/p><p class=\"zw-cgb__fulltext \"><strong>Dipl.-Ing. G\u00f6tz Stapelfeldt,&nbsp;<\/strong>Pfeffikon\/Luzern (Vorstand)<\/p><p class=\"zw-cgb__fulltext \"><strong>Dipl.-Inform. Wolfgang Schenk<\/strong>, D\u00fcsseldorf (Vorstand)<\/p><p class=\"zw-cgb__fulltext \"><strong>Dr. Marek Jen\u00f6ffy<\/strong>, D\u00fcsseldorf (Vorstand)<\/p><p class=\"zw-cgb__fulltext \"><\/p><p class=\"zw-cgb__fulltext \"><strong>Aufsichtsrat:<\/strong><br><strong>Ulrike Tegtmeier,<\/strong> M\u00fcnchen (Vorsitzende des Aufsichtsrats)<br><strong>Prof. Dr. Sabine Rathmayer,&nbsp;<\/strong>M\u00fcnchen (Aufsichtsrat)<br><strong>Prof. Dr. Kai-Uwe Wellner<\/strong>,&nbsp;N\u00fcrnberg (Aufsichtsrat)<\/p><p class=\"zw-cgb__fulltext \">**************************************<\/p><p class=\"zw-cgb__fulltext \"><strong>Verantwortlich f\u00fcr den Inhalt:<\/strong><\/p><p class=\"zw-cgb__fulltext \"><strong>Dipl.-Kfm. Bernd Fischer<\/strong>, Hamburg (Vorsitzender des Vorstands)<\/p><p class=\"zw-cgb__fulltext \"><strong>Urheberrecht:<\/strong><br>Das Copyright der Internetseiten liegt allein bei der F&amp;P Executive Solutions AG. Alle Rechte vorbehalten. Alle Texte, Bilder und Grafiken unterliegen dem Urheberrecht. Sie d\u00fcrfen weder f\u00fcr Handelszwecke oder zur Weitergabe kopiert, noch ver\u00e4ndert und auf anderen Web-Sites verwendet werden.<\/p><p class=\"zw-cgb__fulltext \"><strong>Warenzeichen:<\/strong><br>Alle Warenzeichen und Logos sind Copyright der jeweiligen Firmen.<\/p><p class=\"zw-cgb__fulltext \"><strong>Bildnachweis:<\/strong><br>Die Nutzungsrechte an Bildern liegen bei der F&amp;P Executive Solutions AG<\/p><p class=\"zw-cgb__fulltext \"><strong>Quellenangabe:<\/strong><\/p><ul class=\"zw-cgb-ul fulltext \"><li class=\"\">Foto auf Seite Kontakt (aktuell deaktiviert): Oliver Behr, \u201eBinnenalster\u201c. Some rights reserved (Quelle: www.piqs.de).<\/li><li class=\"\">\u00a9<a href=\"https:\/\/de.depositphotos.com\/\" target=\"_blank\" rel=\"noreferrer noopener\">Depositphotos<\/a>\/peshkova (Foto-ID:&nbsp;200075096) \u2013 Im Auftrag bezogen \u00fcber&nbsp;<a href=\"https:\/\/www.syrius-online-marketing.de\/\" target=\"_blank\" rel=\"noopener\">SYRIUS Online Marketing<\/a><\/li><li class=\"\">\u00a9<a href=\"https:\/\/de.depositphotos.com\/\" target=\"_blank\" rel=\"noreferrer noopener\">Depositphotos<\/a>\/sdecoret (Foto-ID:&nbsp;182254328) \u2013 Im Auftrag bezogen \u00fcber&nbsp;<a href=\"https:\/\/www.syrius-online-marketing.de\/\" target=\"_blank\" rel=\"noopener\">SYRIUS Online Marketing<\/a><\/li><li class=\"\">\u00a9<a href=\"https:\/\/de.depositphotos.com\/\" target=\"_blank\" rel=\"noreferrer noopener\">Depositphotos<\/a>\/peshkova (Foto-ID:&nbsp;22812018) \u2013 Im Auftrag bezogen \u00fcber&nbsp;<a href=\"https:\/\/www.syrius-online-marketing.de\/\" target=\"_blank\" rel=\"noopener\">SYRIUS Online Marketing<\/a><\/li><li class=\"\">\u00a9<a href=\"https:\/\/de.depositphotos.com\/\" target=\"_blank\" rel=\"noreferrer noopener\">Depositphotos<\/a>\/AllaSerebrina (Foto-ID:&nbsp;204682206) \u2013 Im Auftrag bezogen \u00fcber&nbsp;<a href=\"https:\/\/www.syrius-online-marketing.de\/\" target=\"_blank\" rel=\"noopener\">SYRIUS Online Marketing<\/a><\/li><li class=\"\">\u00a9<a href=\"https:\/\/de.depositphotos.com\/\" target=\"_blank\" rel=\"noreferrer noopener\">Depositphotos<\/a>\/maxkabakov (Foto-ID:&nbsp;29592225) \u2013 Im Auftrag bezogen \u00fcber&nbsp;<a href=\"https:\/\/www.syrius-online-marketing.de\/\" target=\"_blank\" rel=\"noopener\">SYRIUS Online Marketing<\/a><\/li><li class=\"\">\u00a9<a href=\"https:\/\/de.depositphotos.com\/\" target=\"_blank\" rel=\"noreferrer noopener\">Depositphotos<\/a>\/ArturVerkhovetskiy (Foto-ID: 180849792) \u2013 Im Auftrag bezogen \u00fcber&nbsp;<a href=\"https:\/\/www.syrius-online-marketing.de\/\" target=\"_blank\" rel=\"noopener\">SYRIUS Online Marketing<\/a><\/li><li class=\"\">Helmut-Schmidt-Universit\u00e4t. Universit\u00e4t der Bundeswehr | Arbeits-, Organisations- und Wirtschaftspsychologie |Prof. Dr. J\u00f6rg Felfe, Erdwig Holste, MA | Texte: Erdwig Holste, Christiane Fuhrmann | Gestaltung: Boie Baumann | Bild Seite 4\/5: Shutterstock<\/li><\/ul><p class=\"zw-cgb__fulltext \"><strong>Rechteinhaber folgender beim Marken-\/Patentamt angemeldeten Wort-Bild Marke<\/strong><br><strong>F&amp;P Executive Solutions AG<\/strong><br><strong>Logo:<\/strong>&nbsp;F&amp;P Executive Solutions AG<br><strong>Slogan:<\/strong>&nbsp;Closing your business gaps<\/p><p class=\"zw-cgb__fulltext \"><strong>Rechteinhaber folgender Website-Domains:<\/strong><br>Dipl.-Kfm. Bernd Fischer<br><a href=\"http:\/\/www.xn--wertschpfungsketten-optimierung-ddd.de\/\" target=\"_blank\" rel=\"noopener\">http:\/\/www.wertsch\u00f6pfungsketten-optimierung.de\/<\/a><br><a href=\"http:\/\/www.supply-chain-optimization.de\/\" target=\"_blank\" rel=\"noopener\">http:\/\/www.supply-chain-optimization.de\/<\/a><\/p>              <\/div>\n    <\/div>\n\n","protected":false},"excerpt":{"rendered":"<div class=\"zw-cgb zw-cgb__000  zw-cgb_textblock  default-margin  b_standart  zw-t-l\">\n<div class=\"container zw-cgb-content\">\n<h2 class=\"zw-cgb__headlines\"><span class=\"zw-cgb__headline\">Imprint<\/span><\/h2>\n<p class=\"zw-cgb__fulltext \"><strong>F&amp;P Executive Solutions AG<\/strong><br \/>Aktiengesellschaft<br \/>Consulting &amp; Interim Management<\/p>\n<p class=\"zw-cgb__fulltext \">Gerichtsstand: Hamburg<\/p>\n<p class=\"zw-cgb__fulltext \"><strong>Ersteintragung: 30 April 2020, Amtsgericht Hamburg<\/strong><\/p>\n<p class=\"zw-cgb__fulltext \"><strong>Hauptsitz:<\/strong><br \/>Am Kaiserkai 69,<br \/>20457 Hamburg<br \/>Tel.:\u00a0<a href=\"tel:040800084592\">+49 40 8000 845 92<\/a><br \/>E-Mail:<a href=\"mailto:vorstand@fup-ag.com\">\u00a0kontakt@fup-ag.com<\/a><br \/>Internet:\u00a0<a href=\"https:\/\/www.fup-ag.com\">www.fup-ag.com<\/a><\/p>\n<p class=\"zw-cgb__fulltext \"><strong>Bankverbindung<\/strong><br \/>Deutsche Bank Hamburg<br \/>IBAN:DE85 2007 0024 0087 8470 00<br \/>BIC:DEUTDEDBHAM<br \/>St.Nr.:48\/722\/05328<br \/>Ust-IdNr.: DE815866022<\/p>\n<p class=\"zw-cgb__fulltext \"><strong>Registerangaben:<\/strong><br \/>Die F&amp;P Executive Solutions AG ist eine unter der Firmennummer HRB 162517 im Handelsregister B des Amtsgerichts Hamburg eingetragene Aktiengesellschaft. Zur Vertretung obiger Aktiengesellschaft sind nur die hier gelisteten Personen berechtigt:<\/p>\n<p class=\"zw-cgb__fulltext \"><strong>Vorstand:<\/strong><br \/><strong>Dipl.-Kfm. Bernd Fischer<\/strong>, Hamburg (Vorsitzender des Vorstands)<\/p>\n<p class=\"zw-cgb__fulltext \"><strong>Dipl.-Ing. G\u00f6tz Stapelfeldt,&nbsp;<\/strong>Pfeffikon\/Luzern (Vorstand)<\/p>\n<p class=\"zw-cgb__fulltext \"><strong>Dipl.-Inform. Wolfgang Schenk<\/strong>, D\u00fcsseldorf (Vorstand)<\/p>\n<p class=\"zw-cgb__fulltext \"><strong>Dr. Marek Jen\u00f6ffy<\/strong>, D\u00fcsseldorf (Vorstand)<\/p>\n<p class=\"zw-cgb__fulltext \">\n<p class=\"zw-cgb__fulltext \"><strong>Aufsichtsrat:<\/strong><br \/><strong>Ulrike Tegtmeier,<\/strong> M\u00fcnchen (Vorsitzende des Aufsichtsrats)<br \/><strong>Prof. Dr. Sabine Rathmayer,&nbsp;<\/strong>M\u00fcnchen (Aufsichtsrat)<br \/><strong>Prof. Dr. Kai-Uwe Wellner<\/strong>,&nbsp;N\u00fcrnberg (Aufsichtsrat)<\/p>\n<p class=\"zw-cgb__fulltext \">**************************************<\/p>\n<p class=\"zw-cgb__fulltext \"><strong>Verantwortlich f\u00fcr den Inhalt:<\/strong><\/p>\n<p class=\"zw-cgb__fulltext \"><strong>Dipl.-Kfm. Bernd Fischer<\/strong>, Hamburg (Vorsitzender des Vorstands)<\/p>\n<p class=\"zw-cgb__fulltext \"><strong>Urheberrecht:<\/strong><br \/>Das Copyright der Internetseiten liegt allein bei der F&amp;P Executive Solutions AG. Alle Rechte vorbehalten. Alle Texte, Bilder und Grafiken unterliegen dem Urheberrecht. Sie d\u00fcrfen weder f\u00fcr Handelszwecke oder zur Weitergabe kopiert, noch ver\u00e4ndert und auf anderen Web-Sites verwendet werden.<\/p>\n<p class=\"zw-cgb__fulltext \"><strong>Warenzeichen:<\/strong><br \/>Alle Warenzeichen und Logos sind Copyright der jeweiligen Firmen.<\/p>\n<p class=\"zw-cgb__fulltext \"><strong>Bildnachweis:<\/strong><br \/>Die Nutzungsrechte an Bildern liegen bei der F&amp;P Executive Solutions AG<\/p>\n<p class=\"zw-cgb__fulltext \"><strong>Quellenangabe:<\/strong><\/p>\n<ul class=\"zw-cgb-ul fulltext \">\n<li class=\"\">Foto auf Seite Kontakt (aktuell deaktiviert): Oliver Behr, \u201eBinnenalster\u201c. Some rights reserved (Quelle: www.piqs.de).<\/li>\n<li class=\"\">\u00a9<a href=\"https:\/\/de.depositphotos.com\/\" target=\"_blank\" rel=\"noreferrer noopener\">Depositphotos<\/a>\/peshkova (Foto-ID:&nbsp;200075096) \u2013 Im Auftrag bezogen \u00fcber&nbsp;<a href=\"https:\/\/www.syrius-online-marketing.de\/\">SYRIUS Online Marketing<\/a><\/li>\n<li class=\"\">\u00a9<a href=\"https:\/\/de.depositphotos.com\/\" target=\"_blank\" rel=\"noreferrer noopener\">Depositphotos<\/a>\/sdecoret (Foto-ID:&nbsp;182254328) \u2013 Im Auftrag bezogen \u00fcber&nbsp;<a href=\"https:\/\/www.syrius-online-marketing.de\/\">SYRIUS Online Marketing<\/a><\/li>\n<li class=\"\">\u00a9<a href=\"https:\/\/de.depositphotos.com\/\" target=\"_blank\" rel=\"noreferrer noopener\">Depositphotos<\/a>\/peshkova (Foto-ID:&nbsp;22812018) \u2013 Im Auftrag bezogen \u00fcber&nbsp;<a href=\"https:\/\/www.syrius-online-marketing.de\/\">SYRIUS Online Marketing<\/a><\/li>\n<li class=\"\">\u00a9<a href=\"https:\/\/de.depositphotos.com\/\" target=\"_blank\" rel=\"noreferrer noopener\">Depositphotos<\/a>\/AllaSerebrina (Foto-ID:&nbsp;204682206) \u2013 Im Auftrag bezogen \u00fcber&nbsp;<a href=\"https:\/\/www.syrius-online-marketing.de\/\">SYRIUS Online Marketing<\/a><\/li>\n<li class=\"\">\u00a9<a href=\"https:\/\/de.depositphotos.com\/\" target=\"_blank\" rel=\"noreferrer noopener\">Depositphotos<\/a>\/maxkabakov (Foto-ID:&nbsp;29592225) \u2013 Im Auftrag bezogen \u00fcber&nbsp;<a href=\"https:\/\/www.syrius-online-marketing.de\/\">SYRIUS Online Marketing<\/a><\/li>\n<li class=\"\">\u00a9<a href=\"https:\/\/de.depositphotos.com\/\" target=\"_blank\" rel=\"noreferrer noopener\">Depositphotos<\/a>\/ArturVerkhovetskiy (Foto-ID: 180849792) \u2013 Im Auftrag bezogen \u00fcber&nbsp;<a href=\"https:\/\/www.syrius-online-marketing.de\/\">SYRIUS Online Marketing<\/a><\/li>\n<li class=\"\">Helmut-Schmidt-Universit\u00e4t. Universit\u00e4t der Bundeswehr | Arbeits-, Organisations- und Wirtschaftspsychologie |Prof. Dr. J\u00f6rg Felfe, Erdwig Holste, MA | Texte: Erdwig Holste, Christiane Fuhrmann | Gestaltung: Boie Baumann | Bild Seite 4\/5: Shutterstock<\/li>\n<\/ul>\n<p class=\"zw-cgb__fulltext \"><strong>Rechteinhaber folgender beim Marken-\/Patentamt angemeldeten Wort-Bild Marke<\/strong><br \/><strong>F&amp;P Executive Solutions AG<\/strong><br \/><strong>Logo:<\/strong>&nbsp;F&amp;P Executive Solutions AG<br \/><strong>Slogan:<\/strong>&nbsp;Closing your business gaps<\/p>\n<p class=\"zw-cgb__fulltext \"><strong>Rechteinhaber folgender Website-Domains:<\/strong><br \/>Dipl.-Kfm. Bernd Fischer<br \/><a href=\"http:\/\/www.xn--wertschpfungsketten-optimierung-ddd.de\/\">http:\/\/www.wertsch\u00f6pfungsketten-optimierung.de\/<\/a><br \/><a href=\"http:\/\/www.supply-chain-optimization.de\/\">http:\/\/www.supply-chain-optimization.de\/<\/a><\/p>\n<\/p><\/div>\n<\/p><\/div>\n","protected":false},"author":1,"featured_media":0,"parent":0,"menu_order":910,"comment_status":"closed","ping_status":"closed","template":"","meta":{"_relevanssi_hide_post":"","_relevanssi_hide_content":"","_relevanssi_pin_for_all":"","_relevanssi_pin_keywords":"","_relevanssi_unpin_keywords":"","_relevanssi_related_keywords":"","_relevanssi_related_include_ids":"","_relevanssi_related_exclude_ids":"","_relevanssi_related_no_append":"","_relevanssi_related_not_related":"","_relevanssi_related_posts":"63804,64895,63716,63809","_relevanssi_noindex_reason":"","_monsterinsights_skip_tracking":false,"_monsterinsights_sitenote_active":false,"_monsterinsights_sitenote_note":"","_monsterinsights_sitenote_category":0,"footnotes":""},"expertise":[],"service":[],"industry":[],"class_list":["post-62228","page","type-page","status-publish","hentry"],"_links":{"self":[{"href":"https:\/\/www.fup-ag.com\/en\/wp-json\/wp\/v2\/pages\/62228","targetHints":{"allow":["GET"]}}],"collection":[{"href":"https:\/\/www.fup-ag.com\/en\/wp-json\/wp\/v2\/pages"}],"about":[{"href":"https:\/\/www.fup-ag.com\/en\/wp-json\/wp\/v2\/types\/page"}],"author":[{"embeddable":true,"href":"https:\/\/www.fup-ag.com\/en\/wp-json\/wp\/v2\/users\/1"}],"replies":[{"embeddable":true,"href":"https:\/\/www.fup-ag.com\/en\/wp-json\/wp\/v2\/comments?post=62228"}],"version-history":[{"count":9,"href":"https:\/\/www.fup-ag.com\/en\/wp-json\/wp\/v2\/pages\/62228\/revisions"}],"predecessor-version":[{"id":110242,"href":"https:\/\/www.fup-ag.com\/en\/wp-json\/wp\/v2\/pages\/62228\/revisions\/110242"}],"wp:attachment":[{"href":"https:\/\/www.fup-ag.com\/en\/wp-json\/wp\/v2\/media?parent=62228"}],"wp:term":[{"taxonomy":"expertise","embeddable":true,"href":"https:\/\/www.fup-ag.com\/en\/wp-json\/wp\/v2\/expertise?post=62228"},{"taxonomy":"service","embeddable":true,"href":"https:\/\/www.fup-ag.com\/en\/wp-json\/wp\/v2\/service?post=62228"},{"taxonomy":"industry","embeddable":true,"href":"https:\/\/www.fup-ag.com\/en\/wp-json\/wp\/v2\/industry?post=62228"}],"curies":[{"name":"wp","href":"https:\/\/api.w.org\/{rel}","templated":true}]}}